{"id":4179,"date":"2021-09-28T14:42:32","date_gmt":"2021-09-28T11:42:32","guid":{"rendered":"https:\/\/nyba.fi\/?page_id=4179"},"modified":"2023-09-20T08:37:26","modified_gmt":"2023-09-20T05:37:26","slug":"insinooritoimisto-nyba-oy-ab","status":"publish","type":"page","link":"https:\/\/nyba.fi\/sv\/","title":{"rendered":"Hem"},"content":{"rendered":"\r\n\r\n<section class=\"hero site-banner banner-bg-image section-default default alignfull image\">\r\n\r\n    <div class=\"site-banner-bg section-bg-image \" >\r\n\r\n        <img loading=\"lazy\" decoding=\"async\" width=\"1500\" height=\"843\" src=\"https:\/\/nyba.fi\/wp-content\/uploads\/2023\/06\/img3990045988293099654.jpg\" class=\"attachment-1536\u00d71536 size-1536\u00d71536\" alt=\"\" srcset=\"https:\/\/nyba.fi\/wp-content\/uploads\/2023\/06\/img3990045988293099654.jpg 1500w, https:\/\/nyba.fi\/wp-content\/uploads\/2023\/06\/img3990045988293099654-300x169.jpg 300w, https:\/\/nyba.fi\/wp-content\/uploads\/2023\/06\/img3990045988293099654-1024x575.jpg 1024w, https:\/\/nyba.fi\/wp-content\/uploads\/2023\/06\/img3990045988293099654-768x432.jpg 768w\" sizes=\"auto, (max-width: 1500px) 100vw, 1500px\" \/>\r\n        \r\n            <div class=\"site-banner-content container\">\r\n                <div class=\"row w-100\">\r\n                    <div class=\"col-md-12\">\r\n\r\n                        <div class=\"inner-content\">\r\n                            <div class=\"acf-innerblocks-container\">\n\n<p><\/p>\n\n<\/div>\r\n                        <\/div>                    <\/div>\r\n                <\/div>\r\n            <\/div>\r\n        \r\n        <\/div><\/section>\n\n\n<div class=\"wp-block-group alignfull has-red-background-color has-background\"><div class=\"wp-block-group__inner-container is-layout-constrained wp-block-group-is-layout-constrained\">\n<h1 class=\"wp-block-heading has-text-align-center has-white-color has-text-color\">Ingenj\u00f6rsbyr\u00e5 Nyba Oy Ab<\/h1>\n\n\n\n<h2 class=\"wp-block-heading has-text-align-center has-white-color has-text-color\" style=\"font-size:20px\">Professionella tj\u00e4nster f\u00f6r nybyggen och saneringar sedan 2003<\/h2>\n<\/div><\/div>\n\n\n\n<div class=\"wp-block-columns is-style-default is-layout-flex wp-container-core-columns-is-layout-9d6595d7 wp-block-columns-is-layout-flex\">\n<div class=\"wp-block-column is-vertically-aligned-center is-layout-flow wp-block-column-is-layout-flow\" style=\"flex-basis:50%\">\n<p>Ingenj\u00f6rsbyr\u00e5 Nyba Oy Ab erbjuder tj\u00e4nster f\u00f6r fastighetsplanering, sanering, underh\u00e5ll och \u00f6vervakning.<\/p>\n\n\n\n<p>Det 2003 grundade f\u00f6retagets versamhetsomr\u00e5de \u00e4r hela Nyland.<\/p>\n<\/div>\n\n\n\n<div class=\"wp-block-column is-layout-flow wp-block-column-is-layout-flow\" style=\"flex-basis:50%\">\n<figure class=\"wp-block-image size-large\"><img loading=\"lazy\" decoding=\"async\" width=\"1024\" height=\"682\" src=\"https:\/\/nyba.fi\/wp-content\/uploads\/2023\/06\/img8377680667706030357-1024x682.jpg\" alt=\"\" class=\"wp-image-4126\" srcset=\"https:\/\/nyba.fi\/wp-content\/uploads\/2023\/06\/img8377680667706030357-1024x682.jpg 1024w, https:\/\/nyba.fi\/wp-content\/uploads\/2023\/06\/img8377680667706030357-300x200.jpg 300w, https:\/\/nyba.fi\/wp-content\/uploads\/2023\/06\/img8377680667706030357-768x511.jpg 768w, https:\/\/nyba.fi\/wp-content\/uploads\/2023\/06\/img8377680667706030357-1536x1022.jpg 1536w, https:\/\/nyba.fi\/wp-content\/uploads\/2023\/06\/img8377680667706030357.jpg 1600w\" sizes=\"auto, (max-width: 1024px) 100vw, 1024px\" \/><\/figure>\n<\/div>\n<\/div>\n\n\n\n<div class=\"wp-block-group has-light-gray-background-color has-background\"><div class=\"wp-block-group__inner-container is-layout-constrained wp-block-group-is-layout-constrained\">\n<p>V\u00e5ra tj\u00e4nster:<\/p>\n\n\n\n<div class=\"wp-block-columns is-layout-flex wp-container-core-columns-is-layout-9d6595d7 wp-block-columns-is-layout-flex\">\n<div class=\"wp-block-column is-layout-flow wp-block-column-is-layout-flow\">\n<ul class=\"wp-block-list\">\n<li>Byggnadsplanering<\/li>\n\n\n\n<li>\u00d6vervakningstj\u00e4nster<\/li>\n\n\n\n<li>Konsultering och r\u00e5dgivning<\/li>\n\n\n\n<li>Energicertifikat<\/li>\n\n\n\n<li>Konditionsunders\u00f6kningar och bed\u00f6mningar<\/li>\n\n\n\n<li>Konditionsgranskning vid bostadsaff\u00e4r<\/li>\n<\/ul>\n<\/div>\n\n\n\n<div class=\"wp-block-column is-layout-flow wp-block-column-is-layout-flow\">\n<ul class=\"wp-block-list\">\n<li>Utl\u00e5tanden<\/li>\n\n\n\n<li>Konstruktionsplanering<\/li>\n\n\n\n<li>Huvudplanering<\/li>\n\n\n\n<li>Saneringsplanering<\/li>\n\n\n\n<li>\u00d6vervakning av aktie\u00e4garrenoveringar<\/li>\n\n\n\n<li>Hj\u00e4lp med handlingar vid ans\u00f6kning av bygglov<\/li>\n<\/ul>\n<\/div>\n<\/div>\n<\/div><\/div>\n\n\n\r\n<div class=\"wp-block logowall\">\r\n    <div class=\"acf-innerblocks-container\">\n\n<figure class=\"wp-block-image size-full\"><img loading=\"lazy\" decoding=\"async\" width=\"567\" height=\"239\" src=\"https:\/\/nyba.fi\/wp-content\/uploads\/2023\/08\/palitlig-partner-logo.jpg\" alt=\"\" class=\"wp-image-4454\" srcset=\"https:\/\/nyba.fi\/wp-content\/uploads\/2023\/08\/palitlig-partner-logo.jpg 567w, https:\/\/nyba.fi\/wp-content\/uploads\/2023\/08\/palitlig-partner-logo-300x126.jpg 300w\" sizes=\"auto, (max-width: 567px) 100vw, 567px\" \/><\/figure>\n\n<\/div><\/div>\n\n\n<div class=\"wp-block-cover alignfull\"><span aria-hidden=\"true\" class=\"wp-block-cover__background has-red-background-color has-background-dim-60 has-background-dim\"><\/span><img loading=\"lazy\" decoding=\"async\" width=\"1920\" height=\"1280\" class=\"wp-block-cover__image-background wp-image-4296\" alt=\"\" src=\"https:\/\/nyba.fi\/wp-content\/uploads\/2023\/08\/img-0449-scaled-1.jpg\" style=\"object-position:51% 56%\" data-object-fit=\"cover\" data-object-position=\"51% 56%\" srcset=\"https:\/\/nyba.fi\/wp-content\/uploads\/2023\/08\/img-0449-scaled-1.jpg 1920w, https:\/\/nyba.fi\/wp-content\/uploads\/2023\/08\/img-0449-scaled-1-300x200.jpg 300w, https:\/\/nyba.fi\/wp-content\/uploads\/2023\/08\/img-0449-scaled-1-1024x683.jpg 1024w, https:\/\/nyba.fi\/wp-content\/uploads\/2023\/08\/img-0449-scaled-1-768x512.jpg 768w, https:\/\/nyba.fi\/wp-content\/uploads\/2023\/08\/img-0449-scaled-1-1536x1024.jpg 1536w\" sizes=\"auto, (max-width: 1920px) 100vw, 1920px\" \/><div class=\"wp-block-cover__inner-container is-layout-constrained wp-block-cover-is-layout-constrained\">\n<div class=\"wp-block-group alignfull\"><div class=\"wp-block-group__inner-container is-layout-constrained wp-block-group-is-layout-constrained\">\n<h2 class=\"wp-block-heading has-text-align-center has-white-color has-text-color\">Fr\u00e5ga g\u00e4rna mera om v\u00e5ra experttj\u00e4nster, kontakta oss!<\/h2>\n<\/div><\/div>\n\n\n\n<div class=\"wp-block-buttons is-content-justification-center is-layout-flex wp-container-core-buttons-is-layout-16018d1d wp-block-buttons-is-layout-flex\">\n<div class=\"wp-block-button has-custom-font-size\" style=\"font-size:20px\"><a class=\"wp-block-button__link wp-element-button\" href=\"https:\/\/nyba.fi\/sv\/kontakt\/\">Kontakta oss<\/a><\/div>\n<\/div>\n<\/div><\/div>\n","protected":false},"excerpt":{"rendered":"<p>Ingenj\u00f6rsbyr\u00e5 Nyba Oy Ab Professionella tj\u00e4nster f\u00f6r nybyggen och saneringar sedan 2003 Ingenj\u00f6rsbyr\u00e5 Nyba Oy Ab erbjuder tj\u00e4nster f\u00f6r fastighetsplanering, sanering, underh\u00e5ll och \u00f6vervakning. Det 2003 grundade f\u00f6retagets versamhetsomr\u00e5de \u00e4r hela Nyland. V\u00e5ra tj\u00e4nster:<\/p>\n","protected":false},"author":1,"featured_media":0,"parent":0,"menu_order":1,"comment_status":"closed","ping_status":"closed","template":"","meta":{"_acf_changed":false,"footnotes":""},"class_list":["post-4179","page","type-page","status-publish","hentry"],"acf":[],"aioseo_notices":[],"_links":{"self":[{"href":"https:\/\/nyba.fi\/sv\/wp-json\/wp\/v2\/pages\/4179","targetHints":{"allow":["GET"]}}],"collection":[{"href":"https:\/\/nyba.fi\/sv\/wp-json\/wp\/v2\/pages"}],"about":[{"href":"https:\/\/nyba.fi\/sv\/wp-json\/wp\/v2\/types\/page"}],"author":[{"embeddable":true,"href":"https:\/\/nyba.fi\/sv\/wp-json\/wp\/v2\/users\/1"}],"replies":[{"embeddable":true,"href":"https:\/\/nyba.fi\/sv\/wp-json\/wp\/v2\/comments?post=4179"}],"version-history":[{"count":1,"href":"https:\/\/nyba.fi\/sv\/wp-json\/wp\/v2\/pages\/4179\/revisions"}],"predecessor-version":[{"id":4470,"href":"https:\/\/nyba.fi\/sv\/wp-json\/wp\/v2\/pages\/4179\/revisions\/4470"}],"wp:attachment":[{"href":"https:\/\/nyba.fi\/sv\/wp-json\/wp\/v2\/media?parent=4179"}],"curies":[{"name":"wp","href":"https:\/\/api.w.org\/{rel}","templated":true}]}}